{"id":65,"date":"2021-05-24T17:05:23","date_gmt":"2021-05-24T14:05:23","guid":{"rendered":"https:\/\/energydays2021.cumhuriyet.edu.tr\/?page_id=65"},"modified":"2021-05-24T17:06:09","modified_gmt":"2021-05-24T14:06:09","slug":"bildiri-gonderimi","status":"publish","type":"page","link":"https:\/\/energydays2021.cumhuriyet.edu.tr\/?page_id=65","title":{"rendered":"Bildiri G\u00f6nderimi"},"content":{"rendered":"\n<p>Taslak bildiri format\u0131 payla\u015f\u0131lacakt\u0131r. <\/p>\n","protected":false},"excerpt":{"rendered":"<p>Taslak bildiri format\u0131 payla\u015f\u0131lacakt\u0131r.<\/p>\n","protected":false},"author":1,"featured_media":0,"parent":0,"menu_order":0,"comment_status":"closed","ping_status":"closed","template":"","meta":{"footnotes":""},"class_list":["post-65","page","type-page","status-publish","hentry"],"_links":{"self":[{"href":"https:\/\/energydays2021.cumhuriyet.edu.tr\/index.php?rest_route=\/wp\/v2\/pages\/65","targetHints":{"allow":["GET"]}}],"collection":[{"href":"https:\/\/energydays2021.cumhuriyet.edu.tr\/index.php?rest_route=\/wp\/v2\/pages"}],"about":[{"href":"https:\/\/energydays2021.cumhuriyet.edu.tr\/index.php?rest_route=\/wp\/v2\/types\/page"}],"author":[{"embeddable":true,"href":"https:\/\/energydays2021.cumhuriyet.edu.tr\/index.php?rest_route=\/wp\/v2\/users\/1"}],"replies":[{"embeddable":true,"href":"https:\/\/energydays2021.cumhuriyet.edu.tr\/index.php?rest_route=%2Fwp%2Fv2%2Fcomments&post=65"}],"version-history":[{"count":1,"href":"https:\/\/energydays2021.cumhuriyet.edu.tr\/index.php?rest_route=\/wp\/v2\/pages\/65\/revisions"}],"predecessor-version":[{"id":66,"href":"https:\/\/energydays2021.cumhuriyet.edu.tr\/index.php?rest_route=\/wp\/v2\/pages\/65\/revisions\/66"}],"wp:attachment":[{"href":"https:\/\/energydays2021.cumhuriyet.edu.tr\/index.php?rest_route=%2Fwp%2Fv2%2Fmedia&parent=65"}],"curies":[{"name":"wp","href":"https:\/\/api.w.org\/{rel}","templated":true}]}}