{"id":56,"date":"2021-05-24T16:59:44","date_gmt":"2021-05-24T13:59:44","guid":{"rendered":"https:\/\/energydays2021.cumhuriyet.edu.tr\/?page_id=56"},"modified":"2021-05-24T17:43:21","modified_gmt":"2021-05-24T14:43:21","slug":"onemli-tarihler","status":"publish","type":"page","link":"https:\/\/energydays2021.cumhuriyet.edu.tr\/?page_id=56","title":{"rendered":"\u00d6nemli Tarihler"},"content":{"rendered":"\n<figure class=\"wp-block-table is-style-stripes\"><table><tbody><tr><td>Sempozyum A\u00e7\u0131l\u0131\u015f Tarihi<\/td><td>1 Haziran 2021<\/td><\/tr><tr><td>Sempozyum Konu\u015fmalar\u0131<\/td><td>1 -3 Haziran 2021 <\/td><\/tr><tr><td>Sempozyum Kapan\u0131\u015f Tarihi<\/td><td>3 Haziran 2021<\/td><\/tr><tr><td>Tam Metin Bildiri Son G\u00f6nderim Tarihi<\/td><td>1 Temmuz 2021<\/td><\/tr><\/tbody><\/table><\/figure>\n","protected":false},"excerpt":{"rendered":"<p>Sempozyum A\u00e7\u0131l\u0131\u015f Tarihi 1 Haziran 2021 Sempozyum Konu\u015fmalar\u0131 1 -3 Haziran 2021 Sempozyum Kapan\u0131\u015f Tarihi 3 Haziran 2021 Tam Metin Bildiri Son G\u00f6nderim Tarihi 1 Temmuz 2021<\/p>\n","protected":false},"author":1,"featured_media":0,"parent":0,"menu_order":0,"comment_status":"closed","ping_status":"closed","template":"","meta":{"footnotes":""},"class_list":["post-56","page","type-page","status-publish","hentry"],"_links":{"self":[{"href":"https:\/\/energydays2021.cumhuriyet.edu.tr\/index.php?rest_route=\/wp\/v2\/pages\/56","targetHints":{"allow":["GET"]}}],"collection":[{"href":"https:\/\/energydays2021.cumhuriyet.edu.tr\/index.php?rest_route=\/wp\/v2\/pages"}],"about":[{"href":"https:\/\/energydays2021.cumhuriyet.edu.tr\/index.php?rest_route=\/wp\/v2\/types\/page"}],"author":[{"embeddable":true,"href":"https:\/\/energydays2021.cumhuriyet.edu.tr\/index.php?rest_route=\/wp\/v2\/users\/1"}],"replies":[{"embeddable":true,"href":"https:\/\/energydays2021.cumhuriyet.edu.tr\/index.php?rest_route=%2Fwp%2Fv2%2Fcomments&post=56"}],"version-history":[{"count":4,"href":"https:\/\/energydays2021.cumhuriyet.edu.tr\/index.php?rest_route=\/wp\/v2\/pages\/56\/revisions"}],"predecessor-version":[{"id":88,"href":"https:\/\/energydays2021.cumhuriyet.edu.tr\/index.php?rest_route=\/wp\/v2\/pages\/56\/revisions\/88"}],"wp:attachment":[{"href":"https:\/\/energydays2021.cumhuriyet.edu.tr\/index.php?rest_route=%2Fwp%2Fv2%2Fmedia&parent=56"}],"curies":[{"name":"wp","href":"https:\/\/api.w.org\/{rel}","templated":true}]}}