{"id":52,"date":"2021-05-24T16:59:05","date_gmt":"2021-05-24T13:59:05","guid":{"rendered":"https:\/\/energydays2021.cumhuriyet.edu.tr\/?page_id=52"},"modified":"2021-05-28T16:36:35","modified_gmt":"2021-05-28T13:36:35","slug":"program","status":"publish","type":"page","link":"https:\/\/energydays2021.cumhuriyet.edu.tr\/?page_id=52","title":{"rendered":"Program"},"content":{"rendered":"\n<figure class=\"wp-block-pullquote\"><blockquote><p><strong>1 HAZ\u0130RAN 2021<\/strong><\/p><\/blockquote><\/figure>\n\n\n\n<h2 class=\"wp-block-heading\"><strong>10:00-12:00<\/strong> <strong>A\u00c7ILI\u015e KONU\u015eMALARI<\/strong><\/h2>\n\n\n\n<h2 class=\"wp-block-heading\">12:45-14:00 <strong>I. OTURUM<\/strong><\/h2>\n\n\n\n<p><strong>ALTERNAT\u0130F ENERJ\u0130 KAYNAKLARI: H\u0130DROJEN, BOR ve HIZLANDIRICILAR<\/strong><\/p>\n\n\n\n<p><strong><em>Do\u00e7. Dr. Sultan ERKAN- Oturum Ba\u015fkan\u0131<\/em><\/strong><\/p>\n\n\n\n<p>13:00 Prof. Dr. Abdulkerim Y\u00d6R\u00dcKO\u011eLU, <strong>Enerji ve Tabii Kaynaklar Bakanl\u0131\u011f\u0131, Ulusal Bor Ara\u015ft\u0131rma Enstit\u00fcs\u00fc Ba\u015fkan\u0131,<\/strong> \u201cBor ve Enerji Uygulamalar\u0131\u201d<\/p>\n\n\n\n<p>13:15 Do\u00e7. Dr. Koray SAYIN, <strong>Sivas Cumhuriyet \u00dcniversitesi<\/strong>, &#8220;Hidrojen Enerjisinin Depolanmas\u0131 ve Ta\u015f\u0131nmas\u0131nda BN Nanokafesler&#8221;<\/p>\n\n\n\n<p>13:30 Dr. Serdar BULUT, <strong>Enerji ve Tabii Kaynaklar Bakanl\u0131\u011f\u0131,<\/strong> \u201cH\u0131zland\u0131r\u0131c\u0131 Tesisi\u201d<\/p>\n\n\n\n<h2 class=\"wp-block-heading\"><strong>14:15-16:15<\/strong> II. <strong>OTURUM<\/strong><\/h2>\n\n\n\n<p><strong>N\u00dcKLEER ENERJ\u0130 VE S\u00dcRD\u00dcR\u00dcLEB\u0130L\u0130RL\u0130K GEL\u0130\u015eMELER\u0130<\/strong><\/p>\n\n\n\n<p><strong><em>Prof. Dr. Serkan AKKOYUN- Oturum Ba\u015fkan\u0131<\/em><\/strong><\/p>\n\n\n\n<p>14:30 Do\u00e7. Dr. Meryem SEFER\u0130NO\u011eLU, <strong>Sinop \u00dcniversitesi,<\/strong> \u201cN\u00fckleer Yak\u0131t \u00c7evrimleri\u201d<\/p>\n\n\n\n<p>14:50 Prof. Dr. Tuncay BAYRAM, <strong>Karadeniz Teknik \u00dcniversitesi,<\/strong> \u201cRadyasyon sa\u011fl\u0131\u011f\u0131 ve g\u00fcvenli\u011fi\u201d<\/p>\n\n\n\n<p>15:10 Dr. \u00d6\u011fr. \u00dcyesi H\u00fcseyin \u015eAH\u0130NER, <strong>Sinop \u00dcniversitesi,<\/strong> \u201cF\u00fczyon reakt\u00f6rlerinde enerji \u00fcretimi\u201d<\/p>\n\n\n\n<p>15:30 Zeynep Y\u00dcKSEL, <strong>Enerji ve Tabii Kaynaklar Bakanl\u0131\u011f\u0131,<\/strong> \u201cN\u00fckleer Enerjinin D\u00fcnyadaki geli\u015fimi ve bug\u00fcn\u00fc\u201d<\/p>\n\n\n\n<p>15:50 Dr. \u00d6\u011fr. \u00dcyesi Ali T\u0130FT\u0130K\u00c7\u0130, <strong>Sinop \u00dcniversitesi,<\/strong> \u201cYeni nesil reakt\u00f6rler\u201d<\/p>\n\n\n\n<h2 class=\"wp-block-heading\"><strong>16:30-18:30<\/strong> III. <strong>OTURUM<\/strong><\/h2>\n\n\n\n<p><strong>JEOTERMAL ENERJ\u0130 VE S\u0130VAS END\u00dcSTR\u0130YEL POTANS\u0130YEL\u0130<\/strong><\/p>\n\n\n\n<p><strong><em>Prof. Dr. Kaan \u015eevki KAVAK &#8211; Oturum Ba\u015fkan\u0131, <\/em><\/strong>\u201cJeotermal Enerji Kaynaklar\u0131\u201d<\/p>\n\n\n\n<p><strong>17:00<\/strong> Sinan SARP, <strong>Enerji Ve Tabii Kaynaklar Bakanl\u0131\u011f\u0131, MTA Genel M\u00fcd\u00fcrl\u00fc\u011f\u00fc Enerji Hammadde Et\u00fct ve<\/strong><\/p>\n\n\n\n<p><strong>Arama Dairesi Ba\u015fkanl\u0131\u011f\u0131,<\/strong> \u201cSivas ilinin Jeotermal Enerji Potansiyeli\u201d<\/p>\n\n\n\n<p><strong>17:20<\/strong> Dr. \u00d6gr. \u00dcyesi Musa POLAT, <strong>Sivas Cumhuriyet \u00dcniversitesi,<\/strong> \u201cJeoenerjinin Sa\u011fl\u0131kta Kullan\u0131m\u0131: Balneoterapi\u201d<\/p>\n\n\n\n<p><strong>17:40<\/strong> Dr. \u00d6\u011fr. \u00dcyesi Nurperihan TOSUN, <strong>Sa\u011fl\u0131k Bilimleri Fak\u00fcltesi Dekan Yrd.<\/strong> \u201cSivas\u2019\u0131n termal sa\u011fl\u0131k turizmi potansiyeli\u201d<\/p>\n\n\n\n<p><strong>18:00<\/strong> \u00d6\u011fr. G\u00f6r. Volkan Y\u00d6R\u00dcK, <strong>Sivas Cumhuriyet \u00dcniversitesi<\/strong> \u201cJeotermal enerjinin modern seralarda kullan\u0131m\u0131\u201d<\/p>\n\n\n\n<figure class=\"wp-block-pullquote\"><blockquote><p><strong>2 HAZ\u0130RAN 2021<\/strong><\/p><\/blockquote><\/figure>\n\n\n\n<h2 class=\"wp-block-heading\"><strong>10:00-11:15<\/strong> IV. <strong>OTURUM<\/strong><\/h2>\n\n\n\n<p><strong>YEN\u0130LENEB\u0130L\u0130R ENERJ\u0130 VE SA\u011eLIK \u0130L\u0130\u015eK\u0130S\u0130<\/strong><\/p>\n\n\n\n<p><strong><em>Prof. Dr. Zehra SEYF\u0130KL\u0130 &#8211; Oturum Ba\u015fkan\u0131<\/em><\/strong><\/p>\n\n\n\n<p><strong>10:10<\/strong> Prof. Dr. Serdar BERK, <strong>Sivas Cumhuriyet \u00dcniversitesi,<\/strong> \u201cEnerji Kaynaklar\u0131n\u0131n sebep oldu\u011fu hava kirlili\u011finin akci\u011fer sa\u011fl\u0131\u011f\u0131 \u00fczerine etkileri\u201d<\/p>\n\n\n\n<p><strong>10:30<\/strong> Uzm. Dr. \u015eeyma TA\u015eTEMUR, <strong>Sivas Numune Hastanesi<\/strong>, &#8220;Enerji kaynaklar\u0131n\u0131n sebep oldu\u011fu iklim de\u011fi\u015fikli\u011finin sa\u011fl\u0131\u011fa genel etkileri&#8221;<\/p>\n\n\n\n<p><strong>10.50<\/strong> Uzm. Dr. \u015eeyma KIBRISLIO\u011eLU BAYKAN, \u201cEnerji kaynaklar\u0131 t\u00fcketimiyle artan hava kirlili\u011finin kardiyovask\u00fcler sistem \u00fczerine etkileri\u201d<\/p>\n\n\n\n<h2 class=\"wp-block-heading\"><strong>11:30-14:10<\/strong> V. <strong>OTURUM<\/strong><\/h2>\n\n\n\n<p><strong>ELEKTR\u0130K ENERJ\u0130S\u0130 VER\u0130ML\u0130L\u0130\u011e\u0130 OPT\u0130M\u0130ZASYONU, P\u0130YASA VE MEVZUATLAR<\/strong><\/p>\n\n\n\n<p><strong><em>Prof. Dr. \u0130brahim CAN &#8211; Oturum Ba\u015fkan\u0131<\/em><\/strong><\/p>\n\n\n\n<p>11:40 Do\u00e7. Dr. Murat FAHR\u0130O\u011eLU, <strong>Orta Do\u011fu Teknik \u00dcniversitesi,<\/strong> \u201cK\u0131br\u0131s\u2019ta yenilenebilir enerji potansiyeli ve TC ile enterkonnekte ba\u011flant\u0131\u201d<\/p>\n\n\n\n<p>12:00 Halit BAKAL, <strong>CK Enerji Bo\u011fazi\u00e7i Elektrik<\/strong> <strong>A.\u015e<\/strong> <strong>Perakende Sat\u0131\u015f M\u00fcd\u00fcr\u00fc,<\/strong> \u201cT\u00fcrkiye\u2019de Elektrik Piyasas\u0131n\u0131n Geli\u015fim S\u00fcreci\u201d<\/p>\n\n\n\n<p>12:30 Uzman Yasin K\u00dc\u00c7\u00dcK\u00c7ONGAR, <strong>\u00c7\u015eB \u0130lbank Genel M\u00fcd\u00fcrl\u00fc\u011f\u00fc<\/strong>, \u201cAk\u0131ll\u0131 \u015fehirlerde enerji verimlili\u011fi ve mevzuat\u0131m\u0131zdaki durumu\u201d, \u00c7evre ve \u015eehircilik Bakanl\u0131\u011f\u0131, Ankara<\/p>\n\n\n\n<p>12:50 Prof. Dr. M. Serdar GEN\u00c7, <strong>Erciyes \u00dcniversitesi<\/strong> \u201cT\u00fcrkiye\u2019de r\u00fczg\u00e2r enerjisinin genel durumu\u201d<\/p>\n\n\n\n<p>13:10 \u00c7i\u011fdem \u015eEKERO\u011eLU ve Mehmet SERTKAYA,<strong> F\u0131rat Elektrik Da\u011f\u0131t\u0131m A.\u015e.<\/strong> \u201c\u00dcretim ve Da\u011f\u0131t\u0131m \u015eebekeleri S\u00fcre\u00e7leri, Verimlili\u011fi ve Mevzuat\u0131\u201d<\/p>\n\n\n\n<p>13:30 Dr. \u00d6\u011fr. \u00dcyesi Yunis TORUN, <strong>Sivas Cumhuriyet \u00dcniversitesi<\/strong> \u201cRNN ile OSB Talep Tahmini\u201d<\/p>\n\n\n\n<p>13:50 Y\u00fck. M\u00fch. MBA \u015eefik Erdem SAKAR, <strong>EnerjiSA<\/strong> \u201cD\u00fcnyada ve T\u00fcrkiye\u2019de Enerji Verimlili\u011fi\u201d<\/p>\n\n\n\n<h2 class=\"wp-block-heading\"><strong>14:30-17:00<\/strong> VI. <strong>OTURUM<\/strong><\/h2>\n\n\n\n<p><strong>ENERJ\u0130 VER\u0130ML\u0130 B\u0130NALARDA S\u00dcRD\u00dcR\u00dcLEB\u0130L\u0130R TEKNOLOJ\u0130LER<\/strong><\/p>\n\n\n\n<p><strong><em>Prof. Dr. Ertan BUYRUK, Oturum Ba\u015fkan\u0131<\/em><\/strong><\/p>\n\n\n\n<p><strong>14:40<\/strong> Do\u00e7. Dr. Koray KARABULUT, <strong>Sivas Cumhuriyet \u00dcniversitesi<\/strong> \u201cYap\u0131 Elemanlar\u0131ndaki \u0131s\u0131 kay\u0131plar\u0131n\u0131n enerji tasarrufu a\u00e7\u0131s\u0131ndan de\u011ferlendirilmesi\u201d<\/p>\n\n\n\n<p><strong>15:00<\/strong> Prof. Dr. Beliz OZORHON, <strong>Bo\u011fazi\u00e7i \u00dcniversitesi<\/strong> ve Dr. \u00d6\u011fr. \u00dcyesi Sedat Semih \u00c7A\u011eLAYAN, <strong>Sakarya Uygulamal\u0131 Bilimler \u00dcniversitesi<\/strong> \u201cPrototip bir binan\u0131n T\u00fcrkiye\u2019nin t\u00fcm \u015fehirlerine y\u00f6nelik optimum kal\u0131nl\u0131\u011f\u0131n\u0131n belirlenmesi\u201d Projesi.<\/p>\n\n\n\n<p><strong>15:20<\/strong> Dr. \u00d6\u011fr. \u00dcyesi Ferhat KILIN\u00c7, <strong>Sivas Cumhuriyet \u00dcniversitesi<\/strong>, \u201cIs\u0131 yal\u0131t\u0131m uygulamalar\u0131n\u0131n enerji tasarrufuna etkilerinin incelenmesi\u201d<\/p>\n\n\n\n<p><strong>15:40<\/strong> Uzman Yasin ZENG\u0130N, <strong>\u00c7\u015eB, \u0130lbank Genel M\u00fcd\u00fcrl\u00fc\u011f\u00fc<\/strong> \u201cAr\u015fimed burgu t\u00fcrbinleri\u201d<\/p>\n\n\n\n<p><strong>16:00<\/strong> Burcu \u00dcZ TOSKA <strong>Volt Electric Motors \u00dcretim ve Teknoloji Genel M\u00fcd\u00fcr\u00fc<\/strong>, \u201cBinalarda kullan\u0131lan elektrik motorlar\u0131n\u0131n enerji verimlili\u011findeki \u00f6nemi\u201d<\/p>\n\n\n\n<p><strong>16:20<\/strong> Y\u00fck. M\u00fch. Uzman Yusuf G\u00d6K\u015eEN, <strong>T\u00fcrk Standartlar\u0131 Enstit\u00fcs\u00fc, Kayseri B\u00f6lge M\u00fcd\u00fcrl\u00fc\u011f\u00fc,<\/strong> \u201cG\u00fcvenli Ye\u015fil Binalar\u201d<\/p>\n\n\n\n<p><strong>16:40<\/strong> Dr. \u00d6\u011fr. \u00dcyesi Deniz G\u00d6LBA\u015eI, <strong>Sivas Cumhuriyet \u00dcniversitesi<\/strong>, \u201cFarkl\u0131 Bina Kurulumlar\u0131 Etraf\u0131ndaki Ak\u0131\u015f Yap\u0131lar\u0131\u201d<\/p>\n\n\n\n<h2 class=\"wp-block-heading\"><strong>17:15-19:00<\/strong> VII. <strong>OTURUM<\/strong><\/h2>\n\n\n\n<p><strong>YAPAY ZEKA TEKNOLOJ\u0130LER\u0130 VE IoT UYGULAMALARINDA VER\u0130ML\u0130L\u0130K<\/strong><\/p>\n\n\n\n<p><strong><em>Do\u00e7. Dr. Ahmet G\u00fcrkan Y\u00dcKSEK- Oturum Ba\u015fkan\u0131<\/em><\/strong><\/p>\n\n\n\n<p><strong>17:20<\/strong> Dr. \u00d6\u011fr. \u00dcyesi Kali G\u00dcRKAHRAMAN ve Dr. \u00d6\u011fr. \u00dcyesi Rukiye KARAKI\u015e, <strong>Sivas Cumhuriyet \u00dcniversitesi<\/strong> \u201cN\u00f6rog\u00f6r\u00fcnt\u00fclemede Derin \u00d6\u011frenme i\u00e7in Veri \u00c7o\u011faltma\u201d<\/p>\n\n\n\n<p><strong>17:40<\/strong> Do\u00e7. Dr. Hidayet TAK\u00c7I, <strong>Sivas Cumhuriyet \u00dcniversitesi<\/strong>, \u201cYapay zeka ve Makine \u00d6\u011frenmesi Tekniklerinin Kalp Yetmezli\u011fi Te\u015fhisinde Kullan\u0131m\u0131\u201d<\/p>\n\n\n\n<p><strong>18:00<\/strong> Prof. Dr. Serkan AKKOYUN,<strong> Sivas Cumhuriyet \u00dcniversitesi<\/strong>, \u201cYapay zeka yakla\u015f\u0131mlar\u0131n\u0131n temel bilimlerde kullan\u0131m y\u00f6ntemleri\u201d<\/p>\n\n\n\n<p><strong>18:20<\/strong> Do\u00e7. Dr. Metin ZONTUL, <strong>\u0130stanbul Arel \u00dcniversitesi,<\/strong> AR-Ge merkezlerinde akademik s\u00fcrd\u00fcr\u00fclebilirlik a\u00e7\u0131s\u0131ndan yapay zekan\u0131n \u00f6nemi\u201d<\/p>\n\n\n\n<p><strong>18:40<\/strong> Do\u00e7. Dr. Ahmet G\u00fcrkan Y\u00fcksek, <strong>Sivas Cumhuriyet \u00dcniversitesi<\/strong>, \u201cYapay zeka yakla\u015f\u0131mlar\u0131n\u0131n i\u00e7 mekan konum uygulamalar\u0131nda etkileri\u201d<\/p>\n\n\n\n<figure class=\"wp-block-pullquote\"><blockquote><p><strong>3 HAZ\u0130RAN 2021<\/strong><\/p><\/blockquote><\/figure>\n\n\n\n<h2 class=\"wp-block-heading\"><strong>10:00-12:00<\/strong> VIII. <strong>OTURUM<\/strong><\/h2>\n\n\n\n<p><strong>ENERJ\u0130DE KARBON AYAK \u0130Z\u0130 AZALTILMASI<\/strong><\/p>\n\n\n\n<p><strong><em>Prof. Dr. Meltem SARIO\u011eLU CEBEC\u0130- Oturum Ba\u015fkan\u0131<\/em><\/strong><\/p>\n\n\n\n<p><strong>10:10<\/strong> Prof. Dr. Meltem SARIO\u011eLU CEBEC\u0130, <strong>Sivas Cumhuriyet \u00dcniversitesi, <\/strong>&nbsp;\u201cAnaerobik membran reakt\u00f6rler: kullan\u0131m alanlar\u0131 ve enerji eldesinin de\u011ferlendirilmesi.\u201d<\/p>\n\n\n\n<p><strong>10:30<\/strong> Prof. Dr. Nuri AZBAR, <strong>Ege \u00dcniversitesi,<\/strong> \u201cAlternatif enerji kayna\u011f\u0131 biyogaz ve d\u00f6ng\u00fcsel ekonomi\u201d<\/p>\n\n\n\n<p><strong>10:50<\/strong> Semanur KORU\u00c7, <strong>\u00c7evre \u015eehircilik Bakanl\u0131\u011f\u0131, Sivas \u00c7ED ve \u00c7evre \u0130zin \u015eube M\u00fcd\u00fcr\u00fc<\/strong> <strong>V.<\/strong> \u201cEnerji yat\u0131r\u0131mlar\u0131nda kullan\u0131lan \u00e7evre mevzuatlar\u0131\u201d<\/p>\n\n\n\n<p><strong>11:10<\/strong> Dr. \u00d6\u011fr. \u00dcyesi. Hamdi MURAT\u00c7OBANO\u011eLU, <strong>Ni\u011fde \u00d6mer Halisdemir \u00dcniversitesi,<\/strong> \u201cBiyometanizasyonda son geli\u015fmeler\u201d<\/p>\n\n\n\n<p><strong>11:30<\/strong> Do\u00e7. Dr. B\u00fclent \u00dcNVER, <strong>Sivas Cumhuriyet \u00dcniversitesi, <\/strong>\u201cAkuatik biyoyak\u0131tlar\u201d<\/p>\n\n\n\n<p><strong>11:50<\/strong> Dr. Turgay B\u0130\u015eG\u0130N, <strong>Sivas Belediyesi,<\/strong> \u201cHidrojen Enerjisinin Depolanmas\u0131 ve Ta\u015f\u0131nmas\u0131nda BN Nanokafesler\u201d<\/p>\n\n\n\n<h2 class=\"wp-block-heading\"><strong>12:30-15:00 KAPANI\u015e OTURUMU<\/strong><\/h2>\n\n\n\n<p><strong>YEN\u0130 NES\u0130L, AKILLI, ELEKTR\u0130KL\u0130 S\u0130STEMLER<\/strong><\/p>\n\n\n\n<p><strong><em>Dr. \u00d6\u011fr. \u00dcyesi Derya Bet\u00fcl \u00dcNSAL \u00c7EL\u0130ML\u0130 &#8211; Oturum Ba\u015fkan\u0131<\/em><\/strong><\/p>\n\n\n\n<p><strong>12:30<\/strong> Dr. \u00d6\u011fr. \u00dcyesi Zeynep HASIRCI TU\u011eCU, <strong>Karadeniz Teknik \u00dcniversitesi,<\/strong> \u201cAk\u0131ll\u0131 \u015eebeke Haberle\u015fme Teknolojileri ve Enerji Verimlili\u011fine Katk\u0131lar\u0131\u201d<\/p>\n\n\n\n<p><strong>13:00<\/strong> Do\u00e7. Dr. Ozan ERD\u0130N\u00c7, <strong>Y\u0131ld\u0131z Teknik \u00dcniversitesi<\/strong>, \u201cYeni Nesil Elektrik G\u00fc\u00e7 Sistemleri ve Entegre Teknolojiler\u201d<\/p>\n\n\n\n<p><strong>14:00<\/strong> Prof. Dr. H\u00fcseyin CANBOLAT,<strong> Ankara Y\u0131ld\u0131r\u0131m Beyaz\u0131t \u00dcniversitesi, <\/strong>\u201cElektrikli Ara\u00e7 \u015earj Sistemleri ve Verimlili\u011fi\u201d<\/p>\n\n\n\n<p><strong>14:30<\/strong> Bar\u0131\u015f SANLI- <strong>Bilkent \u00dcniversitesi Enerji Politikalar\u0131 Ara\u015ft\u0131rma Merkezi<\/strong> \u201cAk\u0131ll\u0131 Sistemler ile Elektrik Arz G\u00fcvenli\u011fi\u201d<\/p>\n\n\n\n<p><strong>15:00<\/strong> G\u00f6rkem Ziya Yan\u0131k ve Sinan ACIBAL, <strong>\u0130stanbul B\u00fcy\u00fck\u015fehir Belediyesi, Metro \u0130stanbul,<\/strong> \u201cRegicas Frenleme sistemleri ile Elektrikli Toplu Ta\u015f\u0131ma Ara\u00e7lar\u0131nda Enerjinin Geri Kazan\u0131m\u0131\u201d<\/p>\n\n\n\n<p><strong>15:30<\/strong> Dr. \u00d6\u011fr. \u00dcyesi Derya Bet\u00fcl \u00dcNSAL \u00c7EL\u0130ML\u0130, <strong>Sivas Cumhuriyet \u00dcniversitesi<\/strong>, \u201cDa\u011f\u0131t\u0131k Yenilenebilir Enerji \u00dcretimi ve Mikro \u015eebeke Uygulamalar\u0131\u201d<\/p>\n\n\n\n<h2 class=\"wp-block-heading\"><strong>16:00<\/strong> <strong>KAPANI\u015e KONU\u015eMALARI.<\/strong><\/h2>\n","protected":false},"excerpt":{"rendered":"<p>1 HAZ\u0130RAN 2021 10:00-12:00 A\u00c7ILI\u015e KONU\u015eMALARI 12:45-14:00 I. OTURUM ALTERNAT\u0130F ENERJ\u0130 KAYNAKLARI: H\u0130DROJEN, BOR ve HIZLANDIRICILAR Do\u00e7. Dr. Sultan ERKAN- Oturum Ba\u015fkan\u0131 13:00 Prof. Dr. Abdulkerim Y\u00d6R\u00dcKO\u011eLU, Enerji ve Tabii Kaynaklar Bakanl\u0131\u011f\u0131, Ulusal Bor Ara\u015ft\u0131rma Enstit\u00fcs\u00fc Ba\u015fkan\u0131, \u201cBor ve Enerji Uygulamalar\u0131\u201d 13:15 Do\u00e7. Dr. Koray SAYIN, Sivas Cumhuriyet \u00dcniversitesi, &#8220;Hidrojen Enerjisinin Depolanmas\u0131 ve Ta\u015f\u0131nmas\u0131nda BN &hellip; <\/p>\n","protected":false},"author":1,"featured_media":0,"parent":0,"menu_order":0,"comment_status":"closed","ping_status":"closed","template":"","meta":{"footnotes":""},"class_list":["post-52","page","type-page","status-publish","hentry"],"_links":{"self":[{"href":"https:\/\/energydays2021.cumhuriyet.edu.tr\/index.php?rest_route=\/wp\/v2\/pages\/52","targetHints":{"allow":["GET"]}}],"collection":[{"href":"https:\/\/energydays2021.cumhuriyet.edu.tr\/index.php?rest_route=\/wp\/v2\/pages"}],"about":[{"href":"https:\/\/energydays2021.cumhuriyet.edu.tr\/index.php?rest_route=\/wp\/v2\/types\/page"}],"author":[{"embeddable":true,"href":"https:\/\/energydays2021.cumhuriyet.edu.tr\/index.php?rest_route=\/wp\/v2\/users\/1"}],"replies":[{"embeddable":true,"href":"https:\/\/energydays2021.cumhuriyet.edu.tr\/index.php?rest_route=%2Fwp%2Fv2%2Fcomments&post=52"}],"version-history":[{"count":7,"href":"https:\/\/energydays2021.cumhuriyet.edu.tr\/index.php?rest_route=\/wp\/v2\/pages\/52\/revisions"}],"predecessor-version":[{"id":285,"href":"https:\/\/energydays2021.cumhuriyet.edu.tr\/index.php?rest_route=\/wp\/v2\/pages\/52\/revisions\/285"}],"wp:attachment":[{"href":"https:\/\/energydays2021.cumhuriyet.edu.tr\/index.php?rest_route=%2Fwp%2Fv2%2Fmedia&parent=52"}],"curies":[{"name":"wp","href":"https:\/\/api.w.org\/{rel}","templated":true}]}}