{"id":43,"date":"2021-05-24T16:47:04","date_gmt":"2021-05-24T13:47:04","guid":{"rendered":"https:\/\/energydays2021.cumhuriyet.edu.tr\/?page_id=43"},"modified":"2022-08-21T22:24:55","modified_gmt":"2022-08-21T19:24:55","slug":"hakkinda","status":"publish","type":"page","link":"https:\/\/energydays2021.cumhuriyet.edu.tr\/?page_id=43","title":{"rendered":"Hakk\u0131nda"},"content":{"rendered":"\n<p>2021 y\u0131l\u0131nda ilk kez d\u00fczenlenecek olan ve gelecek y\u0131llarda ayn\u0131 tarihlerde ger\u00e7ekle\u015fmesi planlanan 1. Enerji G\u00fcnleri, bu sene ilk defa bu kadar kapsaml\u0131 bir \u015fekilde yenilenebilir enerji alan\u0131ndaki yetkin ki\u015fileri, konuyla ilgili \u00f6nemli \u00e7al\u0131\u015fmalar\u0131 bulunan akademisyenleri, \u00f6\u011frencileri ve bu alandaki \u00e7al\u0131\u015fmalar\u0131 \u00f6nemseyen b\u00fct\u00fcn ilgilileri bir araya getirmeyi hedeflemektedir. Karbon izi ile \u00e7evreye zarar veren enerji \u00fcretimi yerine yenilenebilir, s\u00fcrd\u00fcr\u00fclebilir ve daha temiz bir enerji kayna\u011f\u0131 olan r\u00fczg\u00e2r, g\u00fcne\u015f, jeotermal gibi enerji kaynaklar\u0131n\u0131n kullan\u0131m\u0131 hakk\u0131nda kat\u0131l\u0131mc\u0131lar\u0131 bilin\u00e7lendirmek, \u00e7evreye dost elektrikli ara\u00e7lar ile ilgili bilgiler vermek, d\u00fcnya ve \u00fclkemiz a\u00e7\u0131s\u0131ndan enerji potansiyelini de\u011ferlendirmek, bu alandaki yat\u0131r\u0131mlara dikkat \u00e7ekmek ve gelece\u011fimize \u0131\u015f\u0131k tutmak ama\u00e7lanmaktad\u0131r. Konuyla ilgilenenlerin fikir al\u0131\u015fveri\u015finde bulunabilece\u011fi etkinli\u011fimizde, kat\u0131l\u0131mc\u0131lar\u0131n oturumlara bireysel yorum yapabilmeleri hedeflenmektedir. Bunun yan\u0131 s\u0131ra son y\u0131llarda yenilenebilir enerji teknolojisinin geli\u015fimi ve yapay zeka teknolojisi ile gelece\u011fe \u0131\u015f\u0131k tutan uygulama alanlar\u0131 ele al\u0131nacakt\u0131r.<\/p>\n\n\n\n<hr class=\"wp-block-separator has-alpha-channel-opacity\"\/>\n\n\n\n<p><strong>Sempozyumun Amac\u0131<\/strong><\/p>\n\n\n\n<p>Son y\u0131llarda n\u00fcfus ve geli\u015fen teknoloji ile paralel olarak art\u0131\u015f g\u00f6steren enerji&nbsp;ihtiyac\u0131, t\u00fckenebilen kaynaklar\u0131n yerine kendini yenileyebilen enerji kaynaklar\u0131n\u0131n kullan\u0131m\u0131n\u0131 g\u00fcndeme getirmi\u015ftir. G\u00fcn\u00fcm\u00fcz \u015fartlar\u0131nda kullan\u0131lan k\u00f6m\u00fcr, petrol ve do\u011falgaz gibi fosil yak\u0131tlar\u0131n&nbsp;<em>t\u00fckenebilen <\/em>kaynaklar oldu\u011fu ger\u00e7e\u011fi&nbsp;dikkate al\u0131nd\u0131\u011f\u0131nda alternatif, kendi kendini yenileyebilen, r\u00fczgar, g\u00fcne\u015f gibi enerji kaynaklar\u0131n\u0131n ke\u015ffini ve kullan\u0131lmas\u0131n\u0131 zorunlu hale getirmektedir.<\/p>\n\n\n\n<p>T\u00fcrkiye\u2019nin de i\u00e7erisinde bulundu\u011fu OECD (Organisation for Economic Co-operation and Development)&nbsp;&nbsp;\u00fclkeleri olmak \u00fczere bir\u00e7ok \u00fclke, yenilenebilir enerji konusunda gerekli yat\u0131r\u0131mlar\u0131n yap\u0131labilmesi i\u00e7in yeni devlet politikalar\u0131 olu\u015fturarak yenilenebilir enerji kaynaklar\u0131n\u0131n \u00fcretimi ve kullan\u0131m\u0131n\u0131 te\u015fvik etmektedir. T\u00fcrkiye\u2019nin de son y\u0131llarda yenilenebilir enerji kaynaklar\u0131n\u0131n \u00fcretimi ve kullan\u0131m\u0131 konusunda yapt\u0131\u011f\u0131 yasal d\u00fczenlemeler,&nbsp;bu alanda yap\u0131lan ve yap\u0131lacak olan yat\u0131r\u0131mlar\u0131 destekleyici niteliktedir. Bu yeni&nbsp;yasal d\u00fczenlemeler ve yat\u0131r\u0131mlar k\u0131sa s\u00fcrede etkisini g\u00f6stererek&nbsp;te\u015fvik ve yat\u0131r\u0131mlar\u0131n da \u00f6n\u00fcn\u00fc a\u00e7m\u0131\u015ft\u0131r. Yap\u0131lan t\u00fcm bu \u00e7al\u0131\u015fmalar;&nbsp;do\u011fadaki kaynaklarla \u00fcretilebilen yenilenebilir enerjinin, \u00fclkelerin artan enerji ihtiyac\u0131n\u0131 kar\u015f\u0131lamak i\u00e7in vazge\u00e7ilmez oldu\u011funu ortaya koymu\u015ftur. Her sekt\u00f6r\u00fcn kendi alan\u0131na ait ihtiya\u00e7lar\u0131 kar\u015f\u0131layabilmesi ve geli\u015febilmesi i\u00e7in, yenilenebilir enerjinin \u00fcretimi ve kullan\u0131m\u0131 konusunda bilgi ve tecr\u00fcbe payla\u015f\u0131m\u0131 son derece \u00f6nemlidir.<\/p>\n\n\n\n<p>Sivas Cumhuriyet \u00dcniversitesi olarak yenilenebilir enerji kaynaklar\u0131n\u0131n \u00fcretimi, kullan\u0131m\u0131 ve s\u00fcrd\u00fcr\u00fclebilirli\u011fi konusunda, konuyla ilgili olabilecek m\u00fcmk\u00fcn olan t\u00fcm&nbsp;payda\u015flar\u0131 bir araya getirerek bilimsel bir payla\u015f\u0131m ortam\u0131 sa\u011flamay\u0131 hedeflemekteyiz. Bu kapsamda CUYEM olarak \u201cVerimli Toplant\u0131lar\u201d projesi ile ba\u015flad\u0131\u011f\u0131m\u0131z bu yola \u201cEnerji G\u00fcnleri\u201d ile devam etmeyi planl\u0131yoruz. Yenilenebilir enerji kaynaklar\u0131 ile ilgili b\u00f6lgesel, ulusal ve uluslararas\u0131 alandaki g\u00fcncel&nbsp;geli\u015fmeleri, Yapay zeka uygulamalar\u0131n\u0131, Sa\u011fl\u0131k etkilerini, Enerji Verimli Ak\u0131ll\u0131 Binalar\u0131, N\u00fckleer Enerji \u00c7al\u0131\u015fmalar\u0131n\u0131;&nbsp;kamu otoritelerini ve uzmanlar\u0131n\u0131, \u00f6zel sekt\u00f6r temsilcilerini ve alan\u0131nda uzman bilim insanlar\u0131n\u0131n da kat\u0131l\u0131mlar\u0131yla siz de\u011ferli kat\u0131l\u0131mc\u0131larla payla\u015fmak&nbsp;bizi onurland\u0131racakt\u0131r.<\/p>\n\n\n\n<hr class=\"wp-block-separator has-css-opacity\"\/>\n\n\n\n<p><strong>Sempozyumun Konusu;<\/strong><\/p>\n\n\n\n<ul class=\"wp-block-list\"><li>G\u00fc\u00e7 sistemlerinin ihtiyac\u0131 olan elektrik enerjisinin kar\u015f\u0131lanabilmesi i\u00e7in gereken talebi kar\u015f\u0131layabilecek potansiyel arz\u0131,<\/li><li>N\u00fckleer Enerji Kaynaklar\u0131\u2019n\u0131n do\u011fru kullan\u0131labilmesi i\u00e7in geli\u015ftirilen reakt\u00f6r teknolojilerini ve ilerlemesini,<\/li><li>Alternatif enerji kaynaklar\u0131 olarak kullan\u0131labilecek Hidrojen ve Bor\u2019un enerji \u00fcretimi ve depolamas\u0131 teknolojilerindeki geli\u015fmeleri,<\/li><li>Jeotermal Enerji bak\u0131m\u0131ndan zengin bir potansiyele sahip Sivas \u015eehri i\u00e7in end\u00fcstriyel enerji ve sa\u011fl\u0131k turizmi potansiyelini,<\/li><li>Fosil kaynaklara alternatif enerji kaynaklar\u0131n\u0131n \u015fehirsel, b\u00f6lgesel, ulusal ve uluslararas\u0131 d\u00fczeyde \u00fcretimi&nbsp;ve&nbsp;kullan\u0131m\u0131n\u0131n mevcut durumunu,<\/li><li>Enerji verimlili\u011fi ve s\u00fcrd\u00fcr\u00fclebilirli\u011fi uygulamalar\u0131nda kar\u015f\u0131la\u015f\u0131lan teknik ve y\u00f6netimsel zorluklar\u0131n neler oldu\u011fu ve olabilece\u011fi,&nbsp; &nbsp; &nbsp; &nbsp; &nbsp; &nbsp; &nbsp; &nbsp;&nbsp;<\/li><li>Gelecek nesillere temiz, \u00e7evre dostu bir d\u00fcnya b\u0131rakabilmek i\u00e7in \u00f6zellikle \u00fclkemiz i\u00e7in neler yap\u0131labilece\u011fi,&nbsp;bu kapsamda karbon ayak izi azalt\u0131lmas\u0131 i\u00e7in yap\u0131labilecek uygulamalar\u0131n nas\u0131l&nbsp;hayata nas\u0131l ge\u00e7irilebilece\u011fi ve&nbsp; bunlar\u0131n s\u00fcrd\u00fcr\u00fclebilir olmas\u0131n\u0131&nbsp;sa\u011flama yollar\u0131n\u0131n neler oldu\u011fu,<\/li><li>Enerji\u2019de Verimlilik hedefiyle kullan\u0131labilecek Yapay Zeka teknolojileri ile birlikte \u00e7al\u0131\u015fabilen Internet of Things (IoT) uygulamalar\u0131n\u0131,<\/li><li>Yeni nesil entegre, Ak\u0131ll\u0131 ve Elektrikli g\u00fc\u00e7 sistemleri teknolojilerini,<\/li><li>Ak\u0131ll\u0131 binalar ile enerjiyi verimli kullanarak mevcut fosil kaynak kullan\u0131m\u0131n\u0131 azaltmay\u0131,<\/li><\/ul>\n\n\n\n<p>i\u00e7eren konular \u00fczerine planlanan bir sempozyumdur.<\/p>\n\n\n\n<hr class=\"wp-block-separator has-css-opacity\"\/>\n\n\n\n<p><strong>Sempozyumun D\u00fczenlenmesi<\/strong><\/p>\n\n\n\n<p>&#8221; <strong>1. Uluslararas\u0131 Enerji G\u00fcnleri<\/strong>&#8221;&nbsp;Sivas Cumhuriyet \u00dcniversitesi&#8217;nin destekleri ile Yenilenebilir Enerji Ara\u015ft\u0131rma Merkezi (CUYEM) giri\u015fimi&nbsp;ve ba\u015fta Enerji Bakanl\u0131\u011f\u0131m\u0131z olmak \u00fczere yerel ve ulusal d\u00fczeyde devlet kurumlar\u0131n\u0131n temsilcileri, sekt\u00f6rel alandaki i\u015f d\u00fcnyas\u0131 temsilcileri, sivil toplum kurulu\u015flar\u0131 ve meslek odalar\u0131n\u0131n yan\u0131 s\u0131ra alan\u0131nda uzman uluslararas\u0131 yetkinlik d\u00fczeyine sahip bilim insanlar\u0131n\u0131n da k\u0131ymetli kat\u0131l\u0131m ve destekleriyle d\u00fczenlenmektedir.<\/p>\n\n\n\n<hr class=\"wp-block-separator has-css-opacity\"\/>\n\n\n\n<p><strong>&#8220;Enerji G\u00fcnleri&#8221;nin kat\u0131l\u0131mc\u0131lara ne katk\u0131s\u0131 olacak?&nbsp;<\/strong><\/p>\n\n\n\n<p><strong><em>Enerji G\u00fcnleri, kat\u0131l\u0131mc\u0131lara;<\/em><\/strong><\/p>\n\n\n\n<ul class=\"wp-block-list\"><li>Fen bilimleri, Teknoloji ve G\u00fc\u00e7 sistemleri alanlar\u0131nda yenilenebilir enerji kullan\u0131m\u0131 ve bu alanda yap\u0131lan \u00f6rnek uygulamalar\u0131n neler oldu\u011fu hakk\u0131nda detayl\u0131 bilgi sahibi olmay\u0131,<\/li><li>Enerji alan\u0131nda yat\u0131r\u0131m yap\u0131lmak istendi\u011finde izlenmesi gereken mevzuat ve planlamalar\u0131,<\/li><li>Yenilenebilir enerji&nbsp;uygulanmalar\u0131n\u0131n verimlili\u011fi ve tasarrufu konusunda bilgi sahibi olmay\u0131,<\/li><li>Ak\u0131ll\u0131 bina uygulamar\u0131na dair mevcut durum hakk\u0131nda fikir sahibi olmay\u0131,<\/li><li>Yapay zeka\u2019n\u0131n enerji verimlili\u011fi uygulamalar\u0131nda nas\u0131l kullan\u0131labilece\u011fi,<\/li><li>Yeni nesil elektrikli g\u00fc\u00e7 sistemleri ve elektrikli ara\u00e7lar\u0131n geli\u015fimini,<\/li><li>\u00dclkemizde bulunan alternatif enerji kaynaklar\u0131n\u0131n durumu ve bu kaynaklardan nas\u0131l daha fazla yaralanabilece\u011finiz konusunda uzman ki\u015filerden tavsiye ve \u00e7\u00f6z\u00fcm \u00f6nerileri almay\u0131 sa\u011flayacakt\u0131r.<\/li><\/ul>\n\n\n\n<hr class=\"wp-block-separator has-css-opacity\"\/>\n\n\n\n<p><strong>Sempozyum Kat\u0131l\u0131m Ko\u015fullar\u0131<\/strong><\/p>\n\n\n\n<p>Online olarak planlanan sempozyuma &#8220;Yenilenebilir Enerji&#8221; konusuna ilgi duyan ve bu konudaki \u00e7al\u0131\u015fmalar\u0131 dinlemek isteyen&nbsp;herkes \u00fccretsiz olarak kat\u0131labilir. \u0130lgililer,&nbsp;Sivas Cumhuriyet \u00dcniversitesi&#8217;ne ait resmi&nbsp;<strong>YouTube, Instagram, Twitter ve Facebook <\/strong>kanallar\u0131ndan (<a href=\"http:\/\/webinar.cumhuriyet.edu.tr\"><strong>http:\/\/webinar.cumhuriyet.edu.tr<\/strong><\/a>) program\u0131 takip edebilir.&nbsp;Ayr\u0131ca canl\u0131 yay\u0131n esnas\u0131nda merak edilen konularla ilgili&nbsp;sorular sorulabilir. Oturum konular\u0131yla&nbsp;ilgili olmas\u0131 beklenen&nbsp;bu sorular, oturum ba\u015fkanlar\u0131 taraf\u0131ndan&nbsp;ilgili konu\u015fmac\u0131ya aktar\u0131larak, konuya ait cevaplar\u0131n al\u0131nmas\u0131 sa\u011flanabilir.<\/p>\n","protected":false},"excerpt":{"rendered":"<p>2021 y\u0131l\u0131nda ilk kez d\u00fczenlenecek olan ve gelecek y\u0131llarda ayn\u0131 tarihlerde ger\u00e7ekle\u015fmesi planlanan 1. Enerji G\u00fcnleri, bu sene ilk defa bu kadar kapsaml\u0131 bir \u015fekilde yenilenebilir enerji alan\u0131ndaki yetkin ki\u015fileri, konuyla ilgili \u00f6nemli \u00e7al\u0131\u015fmalar\u0131 bulunan akademisyenleri, \u00f6\u011frencileri ve bu alandaki \u00e7al\u0131\u015fmalar\u0131 \u00f6nemseyen b\u00fct\u00fcn ilgilileri bir araya getirmeyi hedeflemektedir.<\/p>\n","protected":false},"author":1,"featured_media":44,"parent":0,"menu_order":0,"comment_status":"closed","ping_status":"closed","template":"","meta":{"footnotes":""},"class_list":["post-43","page","type-page","status-publish","has-post-thumbnail","hentry"],"_links":{"self":[{"href":"https:\/\/energydays2021.cumhuriyet.edu.tr\/index.php?rest_route=\/wp\/v2\/pages\/43","targetHints":{"allow":["GET"]}}],"collection":[{"href":"https:\/\/energydays2021.cumhuriyet.edu.tr\/index.php?rest_route=\/wp\/v2\/pages"}],"about":[{"href":"https:\/\/energydays2021.cumhuriyet.edu.tr\/index.php?rest_route=\/wp\/v2\/types\/page"}],"author":[{"embeddable":true,"href":"https:\/\/energydays2021.cumhuriyet.edu.tr\/index.php?rest_route=\/wp\/v2\/users\/1"}],"replies":[{"embeddable":true,"href":"https:\/\/energydays2021.cumhuriyet.edu.tr\/index.php?rest_route=%2Fwp%2Fv2%2Fcomments&post=43"}],"version-history":[{"count":8,"href":"https:\/\/energydays2021.cumhuriyet.edu.tr\/index.php?rest_route=\/wp\/v2\/pages\/43\/revisions"}],"predecessor-version":[{"id":401,"href":"https:\/\/energydays2021.cumhuriyet.edu.tr\/index.php?rest_route=\/wp\/v2\/pages\/43\/revisions\/401"}],"wp:featuredmedia":[{"embeddable":true,"href":"https:\/\/energydays2021.cumhuriyet.edu.tr\/index.php?rest_route=\/wp\/v2\/media\/44"}],"wp:attachment":[{"href":"https:\/\/energydays2021.cumhuriyet.edu.tr\/index.php?rest_route=%2Fwp%2Fv2%2Fmedia&parent=43"}],"curies":[{"name":"wp","href":"https:\/\/api.w.org\/{rel}","templated":true}]}}